{"id":3,"date":"2023-05-15T21:32:40","date_gmt":"2023-05-15T21:32:40","guid":{"rendered":"https:\/\/urgtrade.net\/?page_id=3"},"modified":"2023-11-07T14:17:51","modified_gmt":"2023-11-07T14:17:51","slug":"privacy-policy","status":"publish","type":"page","link":"https:\/\/urgtrade.net\/es\/privacy-policy\/","title":{"rendered":"Pol\u00edtica de Privacidad"},"content":{"rendered":"<div data-elementor-type=\"wp-page\" data-elementor-id=\"3\" class=\"elementor elementor-3\" data-elementor-post-type=\"page\">\n\t\t\t\t\t\t<section class=\"elementor-section elementor-top-section elementor-element elementor-element-2c1fd99c elementor-section-boxed elementor-section-height-default elementor-section-height-default\" data-id=\"2c1fd99c\" data-element_type=\"section\" data-e-type=\"section\" data-settings=\"{&quot;background_background&quot;:&quot;classic&quot;}\">\n\t\t\t\t\t\t<div class=\"elementor-container elementor-column-gap-default\">\n\t\t\t\t\t<div class=\"elementor-column elementor-col-100 elementor-top-column elementor-element elementor-element-6e587bd8\" data-id=\"6e587bd8\" data-element_type=\"column\" data-e-type=\"column\">\n\t\t\t<div class=\"elementor-widget-wrap elementor-element-populated\">\n\t\t\t\t\t\t<section class=\"elementor-section elementor-inner-section elementor-element elementor-element-734cd576 elementor-section-boxed elementor-section-height-default elementor-section-height-default\" data-id=\"734cd576\" data-element_type=\"section\" data-e-type=\"section\">\n\t\t\t\t\t\t<div class=\"elementor-container elementor-column-gap-default\">\n\t\t\t\t\t<div class=\"elementor-column elementor-col-100 elementor-inner-column elementor-element elementor-element-5a2e6889\" data-id=\"5a2e6889\" data-element_type=\"column\" data-e-type=\"column\">\n\t\t\t<div class=\"elementor-widget-wrap elementor-element-populated\">\n\t\t\t\t\t\t<div class=\"elementor-element elementor-element-38c4c2ee elementor-invisible elementor-widget elementor-widget-heading\" data-id=\"38c4c2ee\" data-element_type=\"widget\" data-e-type=\"widget\" data-settings=\"{&quot;_animation&quot;:&quot;fadeInUp&quot;}\" data-widget_type=\"heading.default\">\n\t\t\t\t<div class=\"elementor-widget-container\">\n\t\t\t\t\t<h1 class=\"elementor-heading-title elementor-size-default\">Pol\u00edtica de Privacidad<\/h1>\t\t\t\t<\/div>\n\t\t\t\t<\/div>\n\t\t\t\t\t<\/div>\n\t\t<\/div>\n\t\t\t\t\t<\/div>\n\t\t<\/section>\n\t\t\t\t\t<\/div>\n\t\t<\/div>\n\t\t\t\t\t<\/div>\n\t\t<\/section>\n\t\t\t\t<section class=\"elementor-section elementor-top-section elementor-element elementor-element-5242e1c1 elementor-section-boxed elementor-section-height-default elementor-section-height-default\" data-id=\"5242e1c1\" data-element_type=\"section\" data-e-type=\"section\">\n\t\t\t\t\t\t<div class=\"elementor-container elementor-column-gap-default\">\n\t\t\t\t\t<div class=\"elementor-column elementor-col-100 elementor-top-column elementor-element elementor-element-6098b080 elementor-invisible\" data-id=\"6098b080\" data-element_type=\"column\" data-e-type=\"column\" data-settings=\"{&quot;animation&quot;:&quot;fadeInLeft&quot;}\">\n\t\t\t<div class=\"elementor-widget-wrap elementor-element-populated\">\n\t\t\t\t\t\t<div class=\"elementor-element elementor-element-1bfe9a15 elementor-widget elementor-widget-elementskit-accordion\" data-id=\"1bfe9a15\" data-element_type=\"widget\" data-e-type=\"widget\" data-widget_type=\"elementskit-accordion.default\">\n\t\t\t\t<div class=\"elementor-widget-container\">\n\t\t\t\t\t<div class=\"ekit-wid-con\" >\n        <div class=\"elementskit-accordion accoedion-primary\" id=\"accordion-69f677bf2292e\">\n\n            \n                <div class=\"elementskit-card active\">\n                    <div class=\"elementskit-card-header\" id=\"primaryHeading-0-1bfe9a15\">\n                        <a href=\"#collapse-5dfeef469f677bf2292e\" class=\"ekit-accordion--toggler elementskit-btn-link collapsed\" data-ekit-toggle=\"collapse\" data-target=\"#Collapse-5dfeef469f677bf2292e\" aria-expanded=\"true\" aria-controls=\"Collapse-5dfeef469f677bf2292e\">\n                            \n                            <span class=\"ekit-accordion-title\">Pol\u00edtica de Privacidad<\/span>\n\n                            \n                                <div class=\"ekit_accordion_icon_group\">\n                                    <div class=\"ekit_accordion_normal_icon\">\n                                        <!-- Normal Icon -->\n\t\t\t\t\t\t\t\t\t\t<i class=\"fas fa-chevron-down\"><\/i>                                    <\/div>\n\n                                    <div class=\"ekit_accordion_active_icon\">\n                                        <!-- Active Icon -->\n\t\t\t\t\t\t\t\t\t\t<i class=\"fas fa-chevron-up\"><\/i>                                    <\/div>\n                                <\/div>\n\n                            \n                                                    <\/a>\n                    <\/div>\n\n                    <div id=\"Collapse-5dfeef469f677bf2292e\" class=\"show collapse\" aria-labelledby=\"primaryHeading-0-1bfe9a15\" data-parent=\"#accordion-69f677bf2292e\">\n\n                        <div class=\"elementskit-card-body ekit-accordion--content\">\n                            <p>HK UGR CO, LIMITED (en adelante \"nosotros\", \"nos\" o \"nuestro\") se compromete a proteger su privacidad. Esta pol\u00edtica de privacidad explica c\u00f3mo recopilamos, utilizamos y divulgamos su informaci\u00f3n personal en relaci\u00f3n con nuestras operaciones comerciales.<\/p>                        <\/div>\n\n                    <\/div>\n\n                <\/div><!-- .elementskit-card END -->\n\n                \n                <div class=\"elementskit-card active\">\n                    <div class=\"elementskit-card-header\" id=\"primaryHeading-1-1bfe9a15\">\n                        <a href=\"#collapse-422681969f677bf2292e\" class=\"ekit-accordion--toggler elementskit-btn-link collapsed\" data-ekit-toggle=\"collapse\" data-target=\"#Collapse-422681969f677bf2292e\" aria-expanded=\"true\" aria-controls=\"Collapse-422681969f677bf2292e\">\n                            \n                            <span class=\"ekit-accordion-title\">Recogida de Datos Personales<\/span>\n\n                            \n                                <div class=\"ekit_accordion_icon_group\">\n                                    <div class=\"ekit_accordion_normal_icon\">\n                                        <!-- Normal Icon -->\n\t\t\t\t\t\t\t\t\t\t<i class=\"fas fa-chevron-down\"><\/i>                                    <\/div>\n\n                                    <div class=\"ekit_accordion_active_icon\">\n                                        <!-- Active Icon -->\n\t\t\t\t\t\t\t\t\t\t<i class=\"fas fa-chevron-up\"><\/i>                                    <\/div>\n                                <\/div>\n\n                            \n                                                    <\/a>\n                    <\/div>\n\n                    <div id=\"Collapse-422681969f677bf2292e\" class=\"show collapse\" aria-labelledby=\"primaryHeading-1-1bfe9a15\" data-parent=\"#accordion-69f677bf2292e\">\n\n                        <div class=\"elementskit-card-body ekit-accordion--content\">\n                            <p>Podemos recabar informaci\u00f3n personal de usted cuando visite nuestro sitio web, realice una consulta o nos haga un pedido. Los tipos de informaci\u00f3n personal que podemos recopilar incluyen su nombre, direcci\u00f3n, direcci\u00f3n de correo electr\u00f3nico, n\u00famero de tel\u00e9fono e informaci\u00f3n de pago.<\/p>                        <\/div>\n\n                    <\/div>\n\n                <\/div><!-- .elementskit-card END -->\n\n                \n                <div class=\"elementskit-card active\">\n                    <div class=\"elementskit-card-header\" id=\"primaryHeading-2-1bfe9a15\">\n                        <a href=\"#collapse-a00161369f677bf2292e\" class=\"ekit-accordion--toggler elementskit-btn-link collapsed\" data-ekit-toggle=\"collapse\" data-target=\"#Collapse-a00161369f677bf2292e\" aria-expanded=\"true\" aria-controls=\"Collapse-a00161369f677bf2292e\">\n                            \n                            <span class=\"ekit-accordion-title\">Uso de la Informaci\u00f3n Personal<\/span>\n\n                            \n                                <div class=\"ekit_accordion_icon_group\">\n                                    <div class=\"ekit_accordion_normal_icon\">\n                                        <!-- Normal Icon -->\n\t\t\t\t\t\t\t\t\t\t<i class=\"fas fa-chevron-down\"><\/i>                                    <\/div>\n\n                                    <div class=\"ekit_accordion_active_icon\">\n                                        <!-- Active Icon -->\n\t\t\t\t\t\t\t\t\t\t<i class=\"fas fa-chevron-up\"><\/i>                                    <\/div>\n                                <\/div>\n\n                            \n                                                    <\/a>\n                    <\/div>\n\n                    <div id=\"Collapse-a00161369f677bf2292e\" class=\"show collapse\" aria-labelledby=\"primaryHeading-2-1bfe9a15\" data-parent=\"#accordion-69f677bf2292e\">\n\n                        <div class=\"elementskit-card-body ekit-accordion--content\">\n                            <p>Utilizamos sus datos personales para satisfacer sus solicitudes de nuestros productos y servicios, tramitar y enviar pedidos y comunicarnos con usted en relaci\u00f3n con sus pedidos y consultas. Tambi\u00e9n podemos utilizar su informaci\u00f3n personal para enviarle comunicaciones de marketing sobre nuestros productos y servicios, pero usted puede optar por no recibir dichas comunicaciones en cualquier momento.<\/p>                        <\/div>\n\n                    <\/div>\n\n                <\/div><!-- .elementskit-card END -->\n\n                \n                <div class=\"elementskit-card active\">\n                    <div class=\"elementskit-card-header\" id=\"primaryHeading-3-1bfe9a15\">\n                        <a href=\"#collapse-7a09ef369f677bf2292e\" class=\"ekit-accordion--toggler elementskit-btn-link collapsed\" data-ekit-toggle=\"collapse\" data-target=\"#Collapse-7a09ef369f677bf2292e\" aria-expanded=\"true\" aria-controls=\"Collapse-7a09ef369f677bf2292e\">\n                            \n                            <span class=\"ekit-accordion-title\">Divulgaci\u00f3n de Informaci\u00f3n Personal<\/span>\n\n                            \n                                <div class=\"ekit_accordion_icon_group\">\n                                    <div class=\"ekit_accordion_normal_icon\">\n                                        <!-- Normal Icon -->\n\t\t\t\t\t\t\t\t\t\t<i class=\"fas fa-chevron-down\"><\/i>                                    <\/div>\n\n                                    <div class=\"ekit_accordion_active_icon\">\n                                        <!-- Active Icon -->\n\t\t\t\t\t\t\t\t\t\t<i class=\"fas fa-chevron-up\"><\/i>                                    <\/div>\n                                <\/div>\n\n                            \n                                                    <\/a>\n                    <\/div>\n\n                    <div id=\"Collapse-7a09ef369f677bf2292e\" class=\"show collapse\" aria-labelledby=\"primaryHeading-3-1bfe9a15\" data-parent=\"#accordion-69f677bf2292e\">\n\n                        <div class=\"elementskit-card-body ekit-accordion--content\">\n                            <p>No vendemos ni revelamos su informaci\u00f3n personal a terceros, excepto cuando lo exige la ley o es necesario para ofrecerle nuestros productos y servicios. Podemos compartir su informaci\u00f3n personal con nuestros proveedores de servicios de confianza que nos ayudan en el funcionamiento de nuestro negocio, como procesadores de pagos, transportistas y proveedores de servicios de marketing.<\/p>                        <\/div>\n\n                    <\/div>\n\n                <\/div><!-- .elementskit-card END -->\n\n                \n                <div class=\"elementskit-card active\">\n                    <div class=\"elementskit-card-header\" id=\"primaryHeading-4-1bfe9a15\">\n                        <a href=\"#collapse-798299469f677bf2292e\" class=\"ekit-accordion--toggler elementskit-btn-link collapsed\" data-ekit-toggle=\"collapse\" data-target=\"#Collapse-798299469f677bf2292e\" aria-expanded=\"true\" aria-controls=\"Collapse-798299469f677bf2292e\">\n                            \n                            <span class=\"ekit-accordion-title\">Seguridad de los Datos Personales<\/span>\n\n                            \n                                <div class=\"ekit_accordion_icon_group\">\n                                    <div class=\"ekit_accordion_normal_icon\">\n                                        <!-- Normal Icon -->\n\t\t\t\t\t\t\t\t\t\t<i class=\"fas fa-chevron-down\"><\/i>                                    <\/div>\n\n                                    <div class=\"ekit_accordion_active_icon\">\n                                        <!-- Active Icon -->\n\t\t\t\t\t\t\t\t\t\t<i class=\"fas fa-chevron-up\"><\/i>                                    <\/div>\n                                <\/div>\n\n                            \n                                                    <\/a>\n                    <\/div>\n\n                    <div id=\"Collapse-798299469f677bf2292e\" class=\"show collapse\" aria-labelledby=\"primaryHeading-4-1bfe9a15\" data-parent=\"#accordion-69f677bf2292e\">\n\n                        <div class=\"elementskit-card-body ekit-accordion--content\">\n                            <p>Tomamos medidas razonables para proteger su informaci\u00f3n personal frente al acceso, uso o divulgaci\u00f3n no autorizados. Utilizamos medidas de seguridad est\u00e1ndar del sector para proteger la confidencialidad y seguridad de su informaci\u00f3n personal.<\/p>                        <\/div>\n\n                    <\/div>\n\n                <\/div><!-- .elementskit-card END -->\n\n                \n                <div class=\"elementskit-card active\">\n                    <div class=\"elementskit-card-header\" id=\"primaryHeading-5-1bfe9a15\">\n                        <a href=\"#collapse-afabcb569f677bf2292e\" class=\"ekit-accordion--toggler elementskit-btn-link collapsed\" data-ekit-toggle=\"collapse\" data-target=\"#Collapse-afabcb569f677bf2292e\" aria-expanded=\"true\" aria-controls=\"Collapse-afabcb569f677bf2292e\">\n                            \n                            <span class=\"ekit-accordion-title\">Acceso a los Datos Personales y Correcci\u00f3n de los Mismos<\/span>\n\n                            \n                                <div class=\"ekit_accordion_icon_group\">\n                                    <div class=\"ekit_accordion_normal_icon\">\n                                        <!-- Normal Icon -->\n\t\t\t\t\t\t\t\t\t\t<i class=\"fas fa-chevron-down\"><\/i>                                    <\/div>\n\n                                    <div class=\"ekit_accordion_active_icon\">\n                                        <!-- Active Icon -->\n\t\t\t\t\t\t\t\t\t\t<i class=\"fas fa-chevron-up\"><\/i>                                    <\/div>\n                                <\/div>\n\n                            \n                                                    <\/a>\n                    <\/div>\n\n                    <div id=\"Collapse-afabcb569f677bf2292e\" class=\"show collapse\" aria-labelledby=\"primaryHeading-5-1bfe9a15\" data-parent=\"#accordion-69f677bf2292e\">\n\n                        <div class=\"elementskit-card-body ekit-accordion--content\">\n                            <p>Tiene derecho a acceder a la informaci\u00f3n personal que tenemos sobre usted y a rectificarla. Si desea acceder a su informaci\u00f3n personal o corregirla, p\u00f3ngase en contacto con nosotros utilizando los datos de contacto que se indican a continuaci\u00f3n.<\/p>                        <\/div>\n\n                    <\/div>\n\n                <\/div><!-- .elementskit-card END -->\n\n                \n                <div class=\"elementskit-card active\">\n                    <div class=\"elementskit-card-header\" id=\"primaryHeading-6-1bfe9a15\">\n                        <a href=\"#collapse-a3364ee69f677bf2292e\" class=\"ekit-accordion--toggler elementskit-btn-link collapsed\" data-ekit-toggle=\"collapse\" data-target=\"#Collapse-a3364ee69f677bf2292e\" aria-expanded=\"true\" aria-controls=\"Collapse-a3364ee69f677bf2292e\">\n                            \n                            <span class=\"ekit-accordion-title\">\u00a1Cont\u00e1ctanos!<\/span>\n\n                            \n                                <div class=\"ekit_accordion_icon_group\">\n                                    <div class=\"ekit_accordion_normal_icon\">\n                                        <!-- Normal Icon -->\n\t\t\t\t\t\t\t\t\t\t<i class=\"fas fa-chevron-down\"><\/i>                                    <\/div>\n\n                                    <div class=\"ekit_accordion_active_icon\">\n                                        <!-- Active Icon -->\n\t\t\t\t\t\t\t\t\t\t<i class=\"fas fa-chevron-up\"><\/i>                                    <\/div>\n                                <\/div>\n\n                            \n                                                    <\/a>\n                    <\/div>\n\n                    <div id=\"Collapse-a3364ee69f677bf2292e\" class=\"show collapse\" aria-labelledby=\"primaryHeading-6-1bfe9a15\" data-parent=\"#accordion-69f677bf2292e\">\n\n                        <div class=\"elementskit-card-body ekit-accordion--content\">\n                            <p>Si tiene alguna pregunta o duda sobre nuestra Pol\u00edtica de privacidad o nuestras pr\u00e1cticas en relaci\u00f3n con su informaci\u00f3n personal, p\u00f3ngase en contacto con nosotros en la siguiente direcci\u00f3n:<\/p><p>Correo electr\u00f3nico: infotrade@urgtrade.net<\/p><p>Es posible que actualicemos esta Pol\u00edtica de Privacidad de vez en cuando para reflejar cambios en nuestras pr\u00e1cticas o por otras razones operativas, legales o reglamentarias. Le recomendamos que revise peri\u00f3dicamente esta Pol\u00edtica de Privacidad para mantenerse informado sobre nuestras pr\u00e1cticas en relaci\u00f3n con la recogida, uso y divulgaci\u00f3n de su informaci\u00f3n personal.<\/p>                        <\/div>\n\n                    <\/div>\n\n                <\/div><!-- .elementskit-card END -->\n\n                                        <\/div>\n    <\/div>\t\t\t\t<\/div>\n\t\t\t\t<\/div>\n\t\t\t\t\t<\/div>\n\t\t<\/div>\n\t\t\t\t\t<\/div>\n\t\t<\/section>\n\t\t\t\t<section class=\"elementor-section elementor-top-section elementor-element elementor-element-7597eb40 elementor-section-boxed elementor-section-height-default elementor-section-height-default\" data-id=\"7597eb40\" data-element_type=\"section\" data-e-type=\"section\">\n\t\t\t\t\t\t<div class=\"elementor-container elementor-column-gap-default\">\n\t\t\t\t\t<div class=\"elementor-column elementor-col-100 elementor-top-column elementor-element elementor-element-597b12f4\" data-id=\"597b12f4\" data-element_type=\"column\" data-e-type=\"column\">\n\t\t\t<div class=\"elementor-widget-wrap elementor-element-populated\">\n\t\t\t\t\t\t<section class=\"elementor-section elementor-inner-section elementor-element elementor-element-47899358 elementor-section-content-middle elementor-section-boxed elementor-section-height-default elementor-section-height-default\" data-id=\"47899358\" data-element_type=\"section\" data-e-type=\"section\" data-settings=\"{&quot;background_background&quot;:&quot;classic&quot;}\">\n\t\t\t\t\t\t<div class=\"elementor-container elementor-column-gap-default\">\n\t\t\t\t\t<div class=\"elementor-column elementor-col-50 elementor-inner-column elementor-element elementor-element-77ba04df elementor-invisible\" data-id=\"77ba04df\" data-element_type=\"column\" data-e-type=\"column\" data-settings=\"{&quot;animation&quot;:&quot;fadeInLeft&quot;}\">\n\t\t\t<div class=\"elementor-widget-wrap elementor-element-populated\">\n\t\t\t\t\t\t<div class=\"elementor-element elementor-element-2f0d8249 elementor-widget elementor-widget-heading\" data-id=\"2f0d8249\" data-element_type=\"widget\" data-e-type=\"widget\" data-widget_type=\"heading.default\">\n\t\t\t\t<div class=\"elementor-widget-container\">\n\t\t\t\t\t<h6 class=\"elementor-heading-title elementor-size-default\">Estamos aqu\u00ed para ayudarle<\/h6>\t\t\t\t<\/div>\n\t\t\t\t<\/div>\n\t\t\t\t<div class=\"elementor-element elementor-element-540f7b73 elementor-widget elementor-widget-heading\" data-id=\"540f7b73\" data-element_type=\"widget\" data-e-type=\"widget\" data-widget_type=\"heading.default\">\n\t\t\t\t<div class=\"elementor-widget-container\">\n\t\t\t\t\t<h2 class=\"elementor-heading-title elementor-size-default\">Experimente lo \u00faltimo en tecnolog\u00eda Bluetooth con nuestros dispositivos de \u00faltima generaci\u00f3n y un excepcional servicio de atenci\u00f3n al cliente.<\/h2>\t\t\t\t<\/div>\n\t\t\t\t<\/div>\n\t\t\t\t<div class=\"elementor-element elementor-element-c29dbae elementor-widget elementor-widget-button\" data-id=\"c29dbae\" data-element_type=\"widget\" data-e-type=\"widget\" data-widget_type=\"button.default\">\n\t\t\t\t<div class=\"elementor-widget-container\">\n\t\t\t\t\t\t\t\t\t<div class=\"elementor-button-wrapper\">\n\t\t\t\t\t<a class=\"elementor-button elementor-button-link elementor-size-md\" href=\"https:\/\/urgtrade.net\/es\/contact-us\/\">\n\t\t\t\t\t\t<span class=\"elementor-button-content-wrapper\">\n\t\t\t\t\t\t\t\t\t<span class=\"elementor-button-text\">\u00a1Cont\u00e1ctanos!<\/span>\n\t\t\t\t\t<\/span>\n\t\t\t\t\t<\/a>\n\t\t\t\t<\/div>\n\t\t\t\t\t\t\t\t<\/div>\n\t\t\t\t<\/div>\n\t\t\t\t\t<\/div>\n\t\t<\/div>\n\t\t\t\t<div class=\"elementor-column elementor-col-50 elementor-inner-column elementor-element elementor-element-797ae01c elementor-invisible\" data-id=\"797ae01c\" data-element_type=\"column\" data-e-type=\"column\" data-settings=\"{&quot;animation&quot;:&quot;zoomIn&quot;}\">\n\t\t\t<div class=\"elementor-widget-wrap elementor-element-populated\">\n\t\t\t\t\t\t<div class=\"elementor-element elementor-element-49643c9f elementor-widget elementor-widget-image\" data-id=\"49643c9f\" data-element_type=\"widget\" data-e-type=\"widget\" data-widget_type=\"image.default\">\n\t\t\t\t<div class=\"elementor-widget-container\">\n\t\t\t\t\t\t\t\t\t\t\t\t\t\t\t<img fetchpriority=\"high\" decoding=\"async\" width=\"500\" height=\"674\" src=\"https:\/\/urgtrade.net\/wp-content\/uploads\/2023\/05\/img_1.png\" class=\"attachment-full size-full wp-image-34\" alt=\"\" srcset=\"https:\/\/urgtrade.net\/wp-content\/uploads\/2023\/05\/img_1.png 500w, https:\/\/urgtrade.net\/wp-content\/uploads\/2023\/05\/img_1-223x300.png 223w, https:\/\/urgtrade.net\/wp-content\/uploads\/2023\/05\/img_1-9x12.png 9w\" sizes=\"(max-width: 500px) 100vw, 500px\" \/>\t\t\t\t\t\t\t\t\t\t\t\t\t\t\t<\/div>\n\t\t\t\t<\/div>\n\t\t\t\t\t<\/div>\n\t\t<\/div>\n\t\t\t\t\t<\/div>\n\t\t<\/section>\n\t\t\t\t\t<\/div>\n\t\t<\/div>\n\t\t\t\t\t<\/div>\n\t\t<\/section>\n\t\t\t\t<\/div>","protected":false},"excerpt":{"rendered":"<p>Privacy Policy HK UGR CO, LIMITED (referred to as &#8220;we&#8221;, &#8220;us&#8221; or &#8220;our&#8221;) is committed to protecting your privacy. This Privacy Policy explains how we collect, use, and disclose your personal information in connection with our business operations. Collection of Personal Information We may collect personal information from you when you visit our website, make [&hellip;]<\/p>\n","protected":false},"author":3,"featured_media":0,"parent":0,"menu_order":0,"comment_status":"closed","ping_status":"open","template":"elementor_header_footer","meta":{"footnotes":""},"class_list":["post-3","page","type-page","status-publish","hentry"],"_links":{"self":[{"href":"https:\/\/urgtrade.net\/es\/wp-json\/wp\/v2\/pages\/3","targetHints":{"allow":["GET"]}}],"collection":[{"href":"https:\/\/urgtrade.net\/es\/wp-json\/wp\/v2\/pages"}],"about":[{"href":"https:\/\/urgtrade.net\/es\/wp-json\/wp\/v2\/types\/page"}],"author":[{"embeddable":true,"href":"https:\/\/urgtrade.net\/es\/wp-json\/wp\/v2\/users\/3"}],"replies":[{"embeddable":true,"href":"https:\/\/urgtrade.net\/es\/wp-json\/wp\/v2\/comments?post=3"}],"version-history":[{"count":22,"href":"https:\/\/urgtrade.net\/es\/wp-json\/wp\/v2\/pages\/3\/revisions"}],"predecessor-version":[{"id":478,"href":"https:\/\/urgtrade.net\/es\/wp-json\/wp\/v2\/pages\/3\/revisions\/478"}],"wp:attachment":[{"href":"https:\/\/urgtrade.net\/es\/wp-json\/wp\/v2\/media?parent=3"}],"curies":[{"name":"wp","href":"https:\/\/api.w.org\/{rel}","templated":true}]}}